{"id":282,"date":"2026-01-25T17:33:36","date_gmt":"2026-01-25T16:33:36","guid":{"rendered":"https:\/\/namyanglyngby.dk\/index.php\/foreningen\/"},"modified":"2026-03-10T21:36:54","modified_gmt":"2026-03-10T20:36:54","slug":"foreningen","status":"publish","type":"page","link":"https:\/\/namyanglyngby.dk\/index.php\/foreningen\/","title":{"rendered":"Om Nam Yang Lyngby"},"content":{"rendered":"\n<div class=\"wp-block-group alignfull is-style-section-5 has-global-padding is-layout-constrained wp-block-group-is-layout-constrained is-style-section-5--1\" style=\"margin-top:0;margin-bottom:0;padding-top:var(--wp--preset--spacing--50);padding-bottom:var(--wp--preset--spacing--50)\">\n<p class=\"is-style-text-subtitle has-medium-font-size is-style-text-subtitle--2\"><br>Foreningen Nam Yang Lyngby \u00f8nsker at bringe traditionel <strong>Shao Lin Kung Fu og Qi Gong<\/strong> til Lyngby med r\u00f8dder i den klassiske Nam Yang-tradition. Vores m\u00e5l er at videref\u00f8re b\u00e5de <strong>kampkunsten, kulturen og filosofien<\/strong> bag Nam Yang Kung Fu og skabe et \u00e5bent og inkluderende f\u00e6llesskab i Lyngby.<\/p>\n\n\n\n<p class=\"is-style-text-subtitle has-medium-font-size is-style-text-subtitle--3\">Nam Yang Lyngby er mere end tr\u00e6ning \u2013 det er et f\u00e6llesskab, hvor vi vokser sammen og l\u00e6rer fra bunden, med respekt for traditionen og plads til den enkelte.<\/p>\n\n\n\n<p class=\"is-style-text-subtitle has-medium-font-size is-style-text-subtitle--4\">Vi tilbyder tr\u00e6ning flere gange om ugen, hvor <strong>alle \u2013 m\u00e6nd og kvinder, uanset erfaring \u2013 kan v\u00e6re med<\/strong>. Tr\u00e6ningen tilpasses, s\u00e5 b\u00e5de begyndere og \u00f8vede kan udvikle sig i deres eget tempo. Undervisningen fokuserer p\u00e5 teknik, kropskontrol, styrke, smidighed, balance og indre ro, samtidig med at man opbygger disciplin, fokus og kropsbevidsthed.<\/p>\n\n\n\n<p class=\"is-style-text-subtitle has-medium-font-size is-style-text-subtitle--5\">Vi tr\u00e6ner p\u00e5 Lindeg\u00e5rdsskolen &#8211; <a href=\"https:\/\/www.google.com\/maps\/place\/\/data=!4m2!3m1!1s0x46524e6ee972c5c1:0x892ee8fa108b5bd7?sa=X&amp;ved=1t:8290&amp;ictx=111\">Lyngbyg\u00e5rdsvej 39, 2800 Kongens Lyngby, Danmark<\/a><\/p>\n<\/div>\n\n\n\n<h2 class=\"wp-block-heading\">Nam Yangs Historie<\/h2>\n\n\n\n<div class=\"wp-block-media-text is-stacked-on-mobile is-image-fill-element\" style=\"padding-top:0;padding-right:0;padding-bottom:0;padding-left:0;grid-template-columns:44% auto\"><figure class=\"wp-block-media-text__media\"><img loading=\"lazy\" decoding=\"async\" width=\"712\" height=\"1024\" src=\"https:\/\/namyanglyngby.dk\/wp-content\/uploads\/2026\/02\/NY-Black-Logo-Transparent-Back.png-24-712x1024.png\" alt=\"\" class=\"wp-image-345 size-full\" style=\"object-position:50% 50%\" srcset=\"https:\/\/namyanglyngby.dk\/wp-content\/uploads\/2026\/02\/NY-Black-Logo-Transparent-Back.png-24-712x1024.png 712w, https:\/\/namyanglyngby.dk\/wp-content\/uploads\/2026\/02\/NY-Black-Logo-Transparent-Back.png-24-208x300.png 208w, https:\/\/namyanglyngby.dk\/wp-content\/uploads\/2026\/02\/NY-Black-Logo-Transparent-Back.png-24-768x1105.png 768w, https:\/\/namyanglyngby.dk\/wp-content\/uploads\/2026\/02\/NY-Black-Logo-Transparent-Back.png-24-1067x1536.png 1067w, https:\/\/namyanglyngby.dk\/wp-content\/uploads\/2026\/02\/NY-Black-Logo-Transparent-Back.png-24-1423x2048.png 1423w, https:\/\/namyanglyngby.dk\/wp-content\/uploads\/2026\/02\/NY-Black-Logo-Transparent-Back.png-24-scaled.png 1779w\" sizes=\"auto, (max-width: 712px) 100vw, 712px\" \/><\/figure><div class=\"wp-block-media-text__content\">\n<p class=\"is-style-text-subtitle has-medium-font-size is-style-text-subtitle--6\">I Kung Fu er der intet vigtigere end en tydelig og \u00e6gte linje. Linjen adskiller dem, der har l\u00e6rt de oprindelige systemer og deres dybere viden, fra dem, der blot sl\u00e5s, finder p\u00e5 noget selv eller fors\u00f8ger at s\u00e6lge illusioner.<br>N\u00e5r du tr\u00e6der ind i Nam Yang Lyngby, bliver du en del af denne linje \u2013 og dermed en del af en levende historie.<\/p>\n\n\n\n<p class=\"is-style-text-subtitle has-medium-font-size is-style-text-subtitle--7\">Vores historie skrives ikke kun i fortiden, men udfolder sig dag for dag. Ved at tr\u00e6ne hos os er du med til at f\u00f8re traditionen videre og forme de n\u00e6ste kapitler.<\/p>\n<\/div><\/div>\n\n\n\n<div class=\"wp-block-media-text has-media-on-the-right is-stacked-on-mobile is-image-fill-element\" style=\"padding-top:0;padding-right:0;padding-bottom:0;padding-left:0\"><div class=\"wp-block-media-text__content\">\n<p class=\"is-style-text-subtitle has-large-font-size is-style-text-subtitle--8\">Nam Yang \u2013 fra 1954 til i dag<\/p>\n\n\n\n<p class=\"is-style-text-subtitle has-medium-font-size is-style-text-subtitle--9\">Nam Yang Pugilistic Association blev grundlagt i 1954 af <strong>Great Grandmaster Ang Liang Huat<\/strong>. Han blev f\u00f8dt i Kina og rejste som barn med sin familie til Syd\u00f8stasien. Familien vendte senere tilbage som velhavende forretningsfolk, og allerede i en ung alder udviklede Ang Liang Huat en dyb passion for kinesisk kampkunst og dens kultur.<\/p>\n<\/div><figure class=\"wp-block-media-text__media\"><img loading=\"lazy\" decoding=\"async\" width=\"853\" height=\"1024\" src=\"https:\/\/namyanglyngby.dk\/wp-content\/uploads\/2026\/02\/grandmasterAng-853x1024.jpg\" alt=\"Great GrandMaster Ang Lian Huat\" class=\"wp-image-347 size-full\" style=\"object-position:50% 50%\" srcset=\"https:\/\/namyanglyngby.dk\/wp-content\/uploads\/2026\/02\/grandmasterAng-853x1024.jpg 853w, https:\/\/namyanglyngby.dk\/wp-content\/uploads\/2026\/02\/grandmasterAng-250x300.jpg 250w, https:\/\/namyanglyngby.dk\/wp-content\/uploads\/2026\/02\/grandmasterAng-768x922.jpg 768w, https:\/\/namyanglyngby.dk\/wp-content\/uploads\/2026\/02\/grandmasterAng-1280x1536.jpg 1280w, https:\/\/namyanglyngby.dk\/wp-content\/uploads\/2026\/02\/grandmasterAng-1706x2048.jpg 1706w, https:\/\/namyanglyngby.dk\/wp-content\/uploads\/2026\/02\/grandmasterAng.jpg 1868w\" sizes=\"auto, (max-width: 853px) 100vw, 853px\" \/><\/figure><\/div>\n\n\n\n<div style=\"height:20px\" aria-hidden=\"true\" class=\"wp-block-spacer\"><\/div>\n\n\n\n<div class=\"wp-block-group alignfull is-style-section-5 has-global-padding is-layout-constrained wp-block-group-is-layout-constrained is-style-section-5--10\" style=\"margin-top:0;margin-bottom:0;padding-top:var(--wp--preset--spacing--50);padding-bottom:var(--wp--preset--spacing--50)\">\n<p class=\"is-style-text-subtitle has-medium-font-size is-style-text-subtitle--11\"><br>Som det var skik dengang, ansatte familien de bedste mestre til at undervise ham. Han havde mange l\u00e6rere, men anerkendte kun tre som sande mestre.<\/p>\n\n\n\n<p class=\"is-style-text-subtitle has-medium-font-size is-style-text-subtitle--12\">Den f\u00f8rste var <strong>Tee Hong Yew<\/strong>, ogs\u00e5 kendt som <em>\u201cSim Pik Lao Lang\u201d<\/em> \u2013 den mystiske gamle mand \u2013 en mester i Eng Chun (Wing Chun) White Crane.<\/p>\n\n\n\n<p class=\"is-style-text-subtitle has-medium-font-size is-style-text-subtitle--13\">Den anden var <strong>Great, Great Grandmaster Tan Kew Leong (\u9648\u4e5d\u9f99)<\/strong> fra Taiwan. Han var kendt b\u00e5de som kampkunstner og benkn\u00e6kker (traditionel healer) og underviste Ang i Tai Chor \u201cTai Zu\u201d (Tiger-systemet), Song Jiang-v\u00e5ben og kinesisk urtemedicin.<\/p>\n\n\n\n<p class=\"is-style-text-subtitle has-medium-font-size is-style-text-subtitle--14\">Den tredje var munken <strong>Miao Sian Meng<\/strong> fra Shaolin-templet i Quan Zhou, som underviste i Shuang Yang White Crane \u2013 en bl\u00f8d og indre stil \u2013 samt ekstern kinesisk medicin.<\/p>\n<\/div>\n\n\n\n<div style=\"height:20px\" aria-hidden=\"true\" class=\"wp-block-spacer\"><\/div>\n\n\n\n<div class=\"wp-block-media-text is-stacked-on-mobile is-image-fill-element\" style=\"padding-top:0;padding-right:0;padding-bottom:0;padding-left:0;grid-template-columns:44% auto\"><figure class=\"wp-block-media-text__media\"><img loading=\"lazy\" decoding=\"async\" width=\"423\" height=\"512\" src=\"https:\/\/namyanglyngby.dk\/wp-content\/uploads\/2026\/02\/Tiger-Crane-Logo-Transparent-Back.png-24.png\" alt=\"\" class=\"wp-image-352 size-full\" style=\"object-position:62% 63%\" srcset=\"https:\/\/namyanglyngby.dk\/wp-content\/uploads\/2026\/02\/Tiger-Crane-Logo-Transparent-Back.png-24.png 423w, https:\/\/namyanglyngby.dk\/wp-content\/uploads\/2026\/02\/Tiger-Crane-Logo-Transparent-Back.png-24-248x300.png 248w\" sizes=\"auto, (max-width: 423px) 100vw, 423px\" \/><\/figure><div class=\"wp-block-media-text__content\">\n<p class=\"is-style-text-subtitle has-large-font-size is-style-text-subtitle--15\">Overlevelse, arv og videref\u00f8relse<\/p>\n\n\n\n<p class=\"is-style-text-subtitle has-medium-font-size is-style-text-subtitle--16\">Great Grandmaster Ang overlevede den japanske bes\u00e6ttelse under 2. Verdenskrig og tjente senere i den nationalistiske h\u00e6r under den kinesiske borgerkrig. Da nationalisterne tabte, blev mange Kung Fu-mestre henrettet, og han flygtede derfor til Singapore, hvor han grundlagde Nam Yang i 1954. Her underviste han frem til sin d\u00f8d i 1984.<\/p>\n\n\n\n<p class=\"is-style-text-subtitle has-medium-font-size is-style-text-subtitle--17\">En af hans mest betroede elever var <strong>Grandmaster Tan Soh Tin<\/strong>, som senere overtog ansvaret for Nam Yang og videref\u00f8rte kunsten frem til sin bortgang i 2019. Hele hans liv var dedikeret til Kung Fu og Nam Yang-familien.<\/p>\n<\/div><\/div>\n\n\n\n<div style=\"height:20px\" aria-hidden=\"true\" class=\"wp-block-spacer\"><\/div>\n\n\n\n<div class=\"wp-block-media-text has-media-on-the-right is-stacked-on-mobile is-image-fill-element\" style=\"padding-top:0;padding-right:0;padding-bottom:0;padding-left:0;grid-template-columns:auto 48%\"><div class=\"wp-block-media-text__content\">\n<p class=\"is-style-text-subtitle has-large-font-size is-style-text-subtitle--18\">Nam Yang i dag \u2013 og Nam Yang Lyngby<\/p>\n\n\n\n<p class=\"is-style-text-subtitle has-medium-font-size is-style-text-subtitle--19\">Nam Yang blev sidenhen bragt til Vesten af <strong>Master Iain Armstrong<\/strong>, som i 2007 grundlagde verdens f\u00f8rste Kung Fu Retreat i Thailand og blev den f\u00f8rste ikke-kinesiske mester i Nam Yang-linjen.<\/p>\n\n\n\n<p class=\"is-style-text-subtitle has-medium-font-size is-style-text-subtitle--20\"><strong>Nam Yang Lyngby er en del af denne ubrudte linje.<\/strong><br>De systemer, vi underviser i her, er de samme \u00e6gte Shaolin-baserede kampkunster fra Fukien-provinsen, som er blevet videregivet gennem generationer \u2013 uden at blive forvandlet til sport, opvisning eller gymnastik.<\/p>\n<\/div><figure class=\"wp-block-media-text__media\"><img loading=\"lazy\" decoding=\"async\" width=\"800\" height=\"800\" src=\"https:\/\/namyanglyngby.dk\/wp-content\/uploads\/2026\/02\/iainHeadshot.jpg\" alt=\"\" class=\"wp-image-355 size-full\" style=\"object-position:50% 50%\" srcset=\"https:\/\/namyanglyngby.dk\/wp-content\/uploads\/2026\/02\/iainHeadshot.jpg 800w, https:\/\/namyanglyngby.dk\/wp-content\/uploads\/2026\/02\/iainHeadshot-300x300.jpg 300w, https:\/\/namyanglyngby.dk\/wp-content\/uploads\/2026\/02\/iainHeadshot-150x150.jpg 150w, https:\/\/namyanglyngby.dk\/wp-content\/uploads\/2026\/02\/iainHeadshot-768x768.jpg 768w\" sizes=\"auto, (max-width: 800px) 100vw, 800px\" \/><\/figure><\/div>\n\n\n\n<div style=\"height:20px\" aria-hidden=\"true\" class=\"wp-block-spacer\"><\/div>\n\n\n\n<div class=\"wp-block-group alignfull is-style-section-5 has-global-padding is-layout-constrained wp-container-core-group-is-layout-12a53e42 wp-block-group-is-layout-constrained is-style-section-5--21\" style=\"border-style:none;border-width:0px;border-top-left-radius:0px;border-top-right-radius:0px;border-bottom-left-radius:0px;border-bottom-right-radius:0px;margin-top:0;margin-bottom:0;padding-top:var(--wp--preset--spacing--50);padding-right:0;padding-bottom:var(--wp--preset--spacing--50);padding-left:0\">\n<p class=\"has-text-align-center is-style-text-subtitle has-large-font-size is-style-text-subtitle--22\"><br>Vores Mission<\/p>\n\n\n\n<p class=\"has-text-align-center is-style-text-subtitle has-medium-font-size is-style-text-subtitle--23\">Vores mission i Nam Yang Lyngby er at g\u00f8re disse kunstarter levende og relevante i en moderne verden \u2013 og at give s\u00e5 mange mennesker som muligt adgang til de fysiske, mentale og indre fordele, som \u00e6gte Kung Fu har at tilbyde.<\/p>\n\n\n\n<p class=\"has-text-align-center is-style-text-subtitle has-medium-font-size is-style-text-subtitle--24\">N\u00e5r du tr\u00e6ner hos os, tr\u00e6ner du ikke bare teknik.<br>Du tr\u00e6der ind i en tradition.<br>En familie.<br><br>Og en arv, der har overlevet i generationer.<br><br>L\u00e6s mere om Nam Yang Thailand her: <br><a href=\"https:\/\/kungfuretreat.com\/\">https:\/\/kungfuretreat.com\/<\/a><\/p>\n<\/div>\n\n\n\n<div style=\"height:20px\" aria-hidden=\"true\" class=\"wp-block-spacer\"><\/div>\n\n\n\n<aside class=\"wp-block-group alignfull is-style-section-3 has-global-padding is-layout-constrained wp-container-core-group-is-layout-e954d0ab wp-block-group-is-layout-constrained is-style-section-3--25\" style=\"margin-top:0;margin-bottom:0;padding-top:0;padding-right:var(--wp--preset--spacing--40);padding-bottom:0;padding-left:var(--wp--preset--spacing--40)\">\n<div class=\"wp-block-group is-vertical is-content-justification-center is-layout-flex wp-container-core-group-is-layout-8778ca4a wp-block-group-is-layout-flex\" style=\"min-height:360px;margin-top:0;margin-bottom:0\">\n<h2 class=\"wp-block-heading has-text-align-center has-xx-large-font-size\">Tilmeld dig <\/h2>\n\n\n\n<p class=\"has-text-align-center is-style-text-subtitle is-style-text-subtitle--26\">Tilmeld dig vores hold her. Send en Email til Namyanglyngby@gmail.com med dit navn hvilket hold du \u00f8snker at deltage p\u00e5.<\/p>\n\n\n\n<div style=\"height:0px\" aria-hidden=\"true\" class=\"wp-block-spacer wp-container-content-62aae154\"><\/div>\n\n\n\n<div class=\"wp-block-buttons is-content-justification-center is-layout-flex wp-container-core-buttons-is-layout-a89b3969 wp-block-buttons-is-layout-flex\">\n<div class=\"wp-block-button\"><a class=\"wp-block-button__link has-text-align-center wp-element-button\" href=\"https:\/\/namyanglyngby.dk\/index.php\/kontakt\/\">Kontakt Os<\/a><\/div>\n<\/div>\n<\/div>\n<\/aside>\n","protected":false},"excerpt":{"rendered":"<p>Foreningen Nam Yang Lyngby \u00f8nsker at bringe traditionel Shao Lin Kung Fu og Qi Gong til Lyngby med r\u00f8dder i den klassiske Nam Yang-tradition. Vores m\u00e5l er at videref\u00f8re b\u00e5de kampkunsten, kulturen og filosofien bag Nam Yang Kung Fu og skabe et \u00e5bent og inkluderende f\u00e6llesskab i Lyngby. Nam Yang Lyngby er mere end tr\u00e6ning [&hellip;]<\/p>\n","protected":false},"author":1,"featured_media":0,"parent":0,"menu_order":0,"comment_status":"closed","ping_status":"closed","template":"","meta":{"footnotes":""},"class_list":["post-282","page","type-page","status-publish","hentry"],"_links":{"self":[{"href":"https:\/\/namyanglyngby.dk\/index.php\/wp-json\/wp\/v2\/pages\/282","targetHints":{"allow":["GET"]}}],"collection":[{"href":"https:\/\/namyanglyngby.dk\/index.php\/wp-json\/wp\/v2\/pages"}],"about":[{"href":"https:\/\/namyanglyngby.dk\/index.php\/wp-json\/wp\/v2\/types\/page"}],"author":[{"embeddable":true,"href":"https:\/\/namyanglyngby.dk\/index.php\/wp-json\/wp\/v2\/users\/1"}],"replies":[{"embeddable":true,"href":"https:\/\/namyanglyngby.dk\/index.php\/wp-json\/wp\/v2\/comments?post=282"}],"version-history":[{"count":23,"href":"https:\/\/namyanglyngby.dk\/index.php\/wp-json\/wp\/v2\/pages\/282\/revisions"}],"predecessor-version":[{"id":400,"href":"https:\/\/namyanglyngby.dk\/index.php\/wp-json\/wp\/v2\/pages\/282\/revisions\/400"}],"wp:attachment":[{"href":"https:\/\/namyanglyngby.dk\/index.php\/wp-json\/wp\/v2\/media?parent=282"}],"curies":[{"name":"wp","href":"https:\/\/api.w.org\/{rel}","templated":true}]}}