{"id":278,"date":"2026-01-25T17:57:48","date_gmt":"2026-01-25T16:57:48","guid":{"rendered":"https:\/\/namyanglyngby.dk\/?page_id=278"},"modified":"2026-02-18T21:12:36","modified_gmt":"2026-02-18T20:12:36","slug":"kontakt","status":"publish","type":"page","link":"https:\/\/namyanglyngby.dk\/index.php\/kontakt\/","title":{"rendered":"Kontakt"},"content":{"rendered":"\n<div class=\"wp-block-group alignfull is-style-section-5 has-global-padding is-layout-constrained wp-block-group-is-layout-constrained is-style-section-5--1\" style=\"margin-top:0;margin-bottom:0;padding-top:var(--wp--preset--spacing--50);padding-bottom:var(--wp--preset--spacing--50)\">\n<p class=\"has-medium-font-size\">Hvis du \u00f8nsker at tilmelde dig et hold skal du blot sende os en mail med dit navn samt hvilket hold du \u00f8nsker at deltage p\u00e5. <\/p>\n\n\n\n<p class=\"has-medium-font-size\">Har du sp\u00f8rgsm\u00e5l er du velkommen til at skrive til os, vi svare inden for 1-2 dage. <\/p>\n\n\n\n<p class=\"has-medium-font-size\">Mail: Namyanglyngby@gmail.com<\/p>\n<\/div>\n","protected":false},"excerpt":{"rendered":"<p>Hvis du \u00f8nsker at tilmelde dig et hold skal du blot sende os en mail med dit navn samt hvilket hold du \u00f8nsker at deltage p\u00e5. Har du sp\u00f8rgsm\u00e5l er du velkommen til at skrive til os, vi svare inden for 1-2 dage. Mail: Namyanglyngby@gmail.com<\/p>\n","protected":false},"author":1,"featured_media":0,"parent":0,"menu_order":0,"comment_status":"closed","ping_status":"closed","template":"","meta":{"footnotes":""},"class_list":["post-278","page","type-page","status-publish","hentry"],"_links":{"self":[{"href":"https:\/\/namyanglyngby.dk\/index.php\/wp-json\/wp\/v2\/pages\/278","targetHints":{"allow":["GET"]}}],"collection":[{"href":"https:\/\/namyanglyngby.dk\/index.php\/wp-json\/wp\/v2\/pages"}],"about":[{"href":"https:\/\/namyanglyngby.dk\/index.php\/wp-json\/wp\/v2\/types\/page"}],"author":[{"embeddable":true,"href":"https:\/\/namyanglyngby.dk\/index.php\/wp-json\/wp\/v2\/users\/1"}],"replies":[{"embeddable":true,"href":"https:\/\/namyanglyngby.dk\/index.php\/wp-json\/wp\/v2\/comments?post=278"}],"version-history":[{"count":3,"href":"https:\/\/namyanglyngby.dk\/index.php\/wp-json\/wp\/v2\/pages\/278\/revisions"}],"predecessor-version":[{"id":389,"href":"https:\/\/namyanglyngby.dk\/index.php\/wp-json\/wp\/v2\/pages\/278\/revisions\/389"}],"wp:attachment":[{"href":"https:\/\/namyanglyngby.dk\/index.php\/wp-json\/wp\/v2\/media?parent=278"}],"curies":[{"name":"wp","href":"https:\/\/api.w.org\/{rel}","templated":true}]}}