{"id":266,"date":"2026-01-25T17:15:15","date_gmt":"2026-01-25T16:15:15","guid":{"rendered":"https:\/\/namyanglyngby.dk\/?page_id=266"},"modified":"2026-03-12T20:15:36","modified_gmt":"2026-03-12T19:15:36","slug":"hold-traeningstider","status":"publish","type":"page","link":"https:\/\/namyanglyngby.dk\/index.php\/hold-traeningstider\/","title":{"rendered":"Hold &#038; Tr\u00e6ningstider"},"content":{"rendered":"\n\n\n<div class=\"wp-block-group alignfull is-style-section-2 has-global-padding is-layout-constrained wp-block-group-is-layout-constrained is-style-section-2--2\" style=\"margin-top:0;margin-bottom:0;padding-top:var(--wp--preset--spacing--60);padding-bottom:var(--wp--preset--spacing--60)\">\n<div class=\"wp-block-columns alignwide is-layout-flex wp-container-core-columns-is-layout-643ced6b wp-block-columns-is-layout-flex\">\n<div class=\"wp-block-column is-layout-flow wp-block-column-is-layout-flow\" style=\"flex-basis:40%\">\n<figure class=\"wp-block-image size-large\"><img loading=\"lazy\" decoding=\"async\" width=\"712\" height=\"1024\" src=\"https:\/\/namyanglyngby.dk\/wp-content\/uploads\/2026\/01\/NY-Black-Logo-Transparent-Back.png-24-712x1024.png\" alt=\"\" class=\"wp-image-267\" srcset=\"https:\/\/namyanglyngby.dk\/wp-content\/uploads\/2026\/01\/NY-Black-Logo-Transparent-Back.png-24-712x1024.png 712w, https:\/\/namyanglyngby.dk\/wp-content\/uploads\/2026\/01\/NY-Black-Logo-Transparent-Back.png-24-208x300.png 208w, https:\/\/namyanglyngby.dk\/wp-content\/uploads\/2026\/01\/NY-Black-Logo-Transparent-Back.png-24-768x1105.png 768w, https:\/\/namyanglyngby.dk\/wp-content\/uploads\/2026\/01\/NY-Black-Logo-Transparent-Back.png-24-1067x1536.png 1067w, https:\/\/namyanglyngby.dk\/wp-content\/uploads\/2026\/01\/NY-Black-Logo-Transparent-Back.png-24-1423x2048.png 1423w, https:\/\/namyanglyngby.dk\/wp-content\/uploads\/2026\/01\/NY-Black-Logo-Transparent-Back.png-24-scaled.png 1779w\" sizes=\"auto, (max-width: 712px) 100vw, 712px\" \/><\/figure>\n<\/div>\n\n\n\n<div class=\"wp-block-column is-vertically-aligned-center is-layout-flow wp-container-core-column-is-layout-119bc444 wp-block-column-is-layout-flow\" style=\"flex-basis:60%\">\n<h2 class=\"wp-block-heading has-base-color has-text-color has-link-color wp-elements-77ca295ff73fa12ada280316f6401974\">Hold &amp; T\u00e6ningstider<\/h2>\n\n\n\n<p class=\"has-base-color has-text-color has-link-color wp-elements-e8b0485dee00c6e4fe6886bfb817b25a\"><span style=\"text-decoration: underline;\">Tirsdag:<\/span><br>Sted &#8211; Lindeg\u00e5rdskolen Hal 04<br><br>Kung Fu kl 18:30-19:30<\/p>\n\n\n\n<p class=\"has-base-color has-text-color has-link-color wp-elements-b926382ebe2e97d4429137082a8da06b\"><span style=\"text-decoration: underline;\">Onsdag:<\/span><br>Sted &#8211; Lindeg\u00e5rdskolen Hal 04<br><br>Qi Gong KL 19:00-20:00<br>Kung Fu KL 20:00-21:00<\/p>\n\n\n\n<p class=\"has-base-color has-text-color has-link-color wp-elements-1656c3d8460da5a0d2cca43455f8c1fa\"><span style=\"text-decoration: underline;\">Fredag:<\/span><br>Sted &#8211; Lindeg\u00e5rdskolen Hal 04<br><br>Qi Gong kl 17:30-18:30<br>Kung Fu kl 18:30-19:30<\/p>\n<\/div>\n<\/div>\n<\/div>\n\n\n\n<div class=\"wp-block-group alignfull is-style-section-2 has-base-background-color has-background has-global-padding is-layout-constrained wp-block-group-is-layout-constrained is-style-section-2--3\" style=\"margin-top:0;margin-bottom:0;padding-top:var(--wp--preset--spacing--60);padding-bottom:var(--wp--preset--spacing--60)\">\n<div class=\"wp-block-columns alignwide is-layout-flex wp-container-core-columns-is-layout-643ced6b wp-block-columns-is-layout-flex\">\n<div class=\"wp-block-column is-vertically-aligned-center is-layout-flow wp-container-core-column-is-layout-119bc444 wp-block-column-is-layout-flow\" style=\"flex-basis:60%\">\n<h2 class=\"wp-block-heading has-text-align-center has-contrast-color has-text-color has-link-color wp-elements-8415830f6f1d6d80254f1e9a86402535\">Lukkedage<\/h2>\n\n\n\n<p class=\"has-text-align-center has-contrast-color has-text-color has-link-color wp-elements-0c4d7317e82c77433bad5e15a4829bcc\">De f\u00f8lgende dage har hallen p\u00e5 Lindeg\u00e5rdskolen lukket. Af den grund vil der ikke blive afholdt Kung Fu eller Qi Gong. Er jeres hold blevet aflyst er i velkommen til at deltage p\u00e5 en af de andre hold i samme m\u00e5ned. <\/p>\n\n\n\n<p class=\"has-text-align-center has-contrast-color has-text-color has-link-color wp-elements-90ec0976915d75f4fe61d6447dbd9d22\">Marts: <br>Tirsdag <strong>17\/03<\/strong><br>Onsdag <strong>25\/03<\/strong><br>Tirsdag <strong>31\/03<\/strong><\/p>\n\n\n\n<p class=\"has-text-align-center has-contrast-color has-text-color has-link-color wp-elements-2e096631d3a25ee3c54af10ac48a4829\">April:<br>Fredag <strong>03\/04<\/strong><br>Onsdag <strong>01\/04<\/strong><br>Onsdag <strong>08\/04<\/strong><br>Tirsdag <strong>28\/04<\/strong><\/p>\n\n\n\n<p class=\"has-text-align-center has-contrast-color has-text-color has-link-color wp-elements-8de8b793525e10d1fee12faaa5acbabb\">Maj:<br>Onsdag <strong>06\/05<\/strong><br>Onsdag <strong>13\/05<\/strong><br>Fredag <strong>15\/05<\/strong><\/p>\n<\/div>\n\n\n\n<div class=\"wp-block-column is-layout-flow wp-block-column-is-layout-flow\" style=\"flex-basis:40%\">\n<figure class=\"wp-block-image size-full\"><img loading=\"lazy\" decoding=\"async\" width=\"423\" height=\"512\" src=\"https:\/\/namyanglyngby.dk\/wp-content\/uploads\/2026\/02\/Tiger-Crane-Logo-Transparent-Back.png-24.png\" alt=\"\" class=\"wp-image-352\" srcset=\"https:\/\/namyanglyngby.dk\/wp-content\/uploads\/2026\/02\/Tiger-Crane-Logo-Transparent-Back.png-24.png 423w, https:\/\/namyanglyngby.dk\/wp-content\/uploads\/2026\/02\/Tiger-Crane-Logo-Transparent-Back.png-24-248x300.png 248w\" sizes=\"auto, (max-width: 423px) 100vw, 423px\" \/><\/figure>\n<\/div>\n<\/div>\n<\/div>\n\n\n\n<aside class=\"wp-block-group alignfull is-style-section-3 has-global-padding is-layout-constrained wp-container-core-group-is-layout-f0f2a97b wp-block-group-is-layout-constrained is-style-section-3--4\" style=\"margin-top:0;margin-bottom:0;padding-top:var(--wp--preset--spacing--50);padding-right:var(--wp--preset--spacing--50);padding-bottom:var(--wp--preset--spacing--50);padding-left:var(--wp--preset--spacing--50)\">\n<div class=\"wp-block-group is-vertical is-content-justification-center is-layout-flex wp-container-core-group-is-layout-8778ca4a wp-block-group-is-layout-flex\" style=\"min-height:360px;margin-top:0;margin-bottom:0\">\n<h2 class=\"wp-block-heading has-text-align-center has-xx-large-font-size\">Tilmeld dig<\/h2>\n\n\n\n<p class=\"has-text-align-center is-style-text-subtitle is-style-text-subtitle--5\">Tilmeld dig vores hold her. Send en Email til Namyanglyngby@gmail.com med dit navn hvilket hold du \u00f8nsker at deltage p\u00e5.<\/p>\n\n\n\n<div style=\"height:0px\" aria-hidden=\"true\" class=\"wp-block-spacer wp-container-content-62aae154\"><\/div>\n\n\n\n<div class=\"wp-block-buttons is-content-justification-center is-layout-flex wp-container-core-buttons-is-layout-a89b3969 wp-block-buttons-is-layout-flex\">\n<div class=\"wp-block-button\"><a class=\"wp-block-button__link has-text-align-center wp-element-button\" href=\"https:\/\/namyanglyngby.dk\/index.php\/kontakt\/\">Tilmeld<\/a><\/div>\n<\/div>\n<\/div>\n<\/aside>\n","protected":false},"excerpt":{"rendered":"<p>Gratis tr\u00e6ning i Februar I februar \u00e5bner vi d\u00f8rene for vores nye forening og inviterer dig til at v\u00e6re med til at skabe et st\u00e6rkt f\u00e6llesskab fra bunden. Fra 18. februar til 1. marts tilbyder vi gratis undervisning i Kung Fu og Qi Gong p\u00e5 et niveau, hvor alle kan v\u00e6re med \u2013 uanset erfaring.Kom [&hellip;]<\/p>\n","protected":false},"author":1,"featured_media":0,"parent":0,"menu_order":0,"comment_status":"closed","ping_status":"closed","template":"","meta":{"footnotes":""},"class_list":["post-266","page","type-page","status-publish","hentry"],"_links":{"self":[{"href":"https:\/\/namyanglyngby.dk\/index.php\/wp-json\/wp\/v2\/pages\/266","targetHints":{"allow":["GET"]}}],"collection":[{"href":"https:\/\/namyanglyngby.dk\/index.php\/wp-json\/wp\/v2\/pages"}],"about":[{"href":"https:\/\/namyanglyngby.dk\/index.php\/wp-json\/wp\/v2\/types\/page"}],"author":[{"embeddable":true,"href":"https:\/\/namyanglyngby.dk\/index.php\/wp-json\/wp\/v2\/users\/1"}],"replies":[{"embeddable":true,"href":"https:\/\/namyanglyngby.dk\/index.php\/wp-json\/wp\/v2\/comments?post=266"}],"version-history":[{"count":15,"href":"https:\/\/namyanglyngby.dk\/index.php\/wp-json\/wp\/v2\/pages\/266\/revisions"}],"predecessor-version":[{"id":416,"href":"https:\/\/namyanglyngby.dk\/index.php\/wp-json\/wp\/v2\/pages\/266\/revisions\/416"}],"wp:attachment":[{"href":"https:\/\/namyanglyngby.dk\/index.php\/wp-json\/wp\/v2\/media?parent=266"}],"curies":[{"name":"wp","href":"https:\/\/api.w.org\/{rel}","templated":true}]}}