{"id":204,"date":"2026-01-19T20:10:56","date_gmt":"2026-01-19T19:10:56","guid":{"rendered":"https:\/\/namyanglyngby.dk\/index.php\/priser\/"},"modified":"2026-03-22T12:06:12","modified_gmt":"2026-03-22T11:06:12","slug":"priser","status":"publish","type":"page","link":"https:\/\/namyanglyngby.dk\/index.php\/priser\/","title":{"rendered":"Priser og Medlemskab"},"content":{"rendered":"\n<div class=\"wp-block-group has-global-padding is-layout-constrained wp-block-group-is-layout-constrained\">\n<pre class=\"wp-block-verse has-text-align-left has-medium-font-size\" style=\"border-style:none;border-width:0px;margin-top:0;margin-right:0;margin-bottom:0;margin-left:0;padding-top:0;padding-right:0;padding-bottom:0;padding-left:0\">Hos Nam Yang Lyngby tilbyder vi undervisning i Kung Fu og Qi gong i trygge, respektfulde og inkluderende rammer. Tr\u00e6ningen bygger p\u00e5 disciplin, kropsbevidsthed og l\u00e6ring \u2013 med plads til b\u00e5de begyndere og \u00f8vede.<br><br>Vi tror p\u00e5 enkelhed og f\u00e6llesskab. Vi tilbyder b\u00e5de Kung Fu og Qi Gong hold for alle over 15 \u00e5r. Uanset om dit fokus er kampkunst, bev\u00e6gelse, sundhed eller mental balance, er du velkommen hos os.<br><br>Der er ingen binding p\u00e5 vores medlemskaber. Opsigelse sker med l\u00f8bende m\u00e5ned + 1 m\u00e5ned, og dette g\u00e6lder for alle medlemskaber.<\/pre>\n\n\n\n<hr class=\"wp-block-separator has-alpha-channel-opacity\"\/>\n<\/div>\n\n\n\n<div style=\"height:20px\" aria-hidden=\"true\" class=\"wp-block-spacer\"><\/div>\n\n\n\n<div class=\"wp-block-group alignfull is-style-default has-global-padding is-layout-constrained wp-block-group-is-layout-constrained\" style=\"margin-top:0;margin-bottom:0;padding-top:var(--wp--preset--spacing--50);padding-bottom:var(--wp--preset--spacing--50)\">\n<div class=\"wp-block-columns alignwide is-style-default is-layout-flex wp-container-core-columns-is-layout-7ee84d44 wp-block-columns-is-layout-flex\">\n<div class=\"wp-block-column is-vertically-aligned-center is-layout-flow wp-block-column-is-layout-flow\" style=\"flex-basis:50%\">\n<figure class=\"wp-block-image size-full\"><img loading=\"lazy\" decoding=\"async\" width=\"733\" height=\"944\" src=\"https:\/\/namyanglyngby.dk\/wp-content\/uploads\/2026\/01\/416335556_382377824405561_3173152264732868997_n.jpg\" alt=\"\" class=\"wp-image-242\" style=\"aspect-ratio:1;object-fit:cover\" srcset=\"https:\/\/namyanglyngby.dk\/wp-content\/uploads\/2026\/01\/416335556_382377824405561_3173152264732868997_n.jpg 733w, https:\/\/namyanglyngby.dk\/wp-content\/uploads\/2026\/01\/416335556_382377824405561_3173152264732868997_n-233x300.jpg 233w\" sizes=\"auto, (max-width: 733px) 100vw, 733px\" \/><\/figure>\n<\/div>\n\n\n\n<div class=\"wp-block-column is-vertically-aligned-center is-layout-flow wp-block-column-is-layout-flow\" style=\"flex-basis:50%\">\n<h2 class=\"wp-block-heading has-contrast-color has-text-color has-link-color wp-elements-5a33717d0d06cbd4febac10153c2ab4e\">Medlemskab<\/h2>\n\n\n\n<p class=\"is-style-text-subtitle has-large-font-size is-style-text-subtitle--1\"><strong>Kung Fu Hold<\/strong><br>150kr om m\u00e5neden.<\/p>\n\n\n\n<p class=\"is-style-text-subtitle has-large-font-size is-style-text-subtitle--2\"><strong>Qi Gong Hold<\/strong> <br>150 kr om m\u00e5neden<br><br>Uanset om du \u00f8nsker at tilmelde dig Kung Fu &#8211; Qi Gong eller begge dele, koster dit f\u00f8rste hold 150 Kr, og derefter koster det 10 kr ekstra for hvert yderligere hold, du \u00f8nsker at tilmelde dig. (S\u00e5 du kan fx tr\u00e6ne p\u00e5 5 hold om ugen for 190 Kr. om m\u00e5neden).<br>Skriv en mail til <a href=\"mailto:Namyanglyngby@gmail.com\">Namyanglyngby@gmail.com<\/a> med hvilke hold og tider du \u00f8nsker at deltage p\u00e5. <\/p>\n\n\n\n<p>Medlemskontingent sendes inden d.05 i hver m\u00e5ned til: <br>Reg &#8211; 5470<br>Konto &#8211; 0005507115<br>Husk at skrive det fulde navn p\u00e5 den deltagende ved overf\u00f8rsel af penge. <\/p>\n<\/div>\n<\/div>\n\n\n\n<div class=\"wp-block-columns alignwide is-style-default is-layout-flex wp-container-core-columns-is-layout-7ee84d44 wp-block-columns-is-layout-flex\">\n<div class=\"wp-block-column is-vertically-aligned-center is-layout-flow wp-block-column-is-layout-flow\" style=\"flex-basis:50%\">\n<h2 class=\"wp-block-heading has-contrast-color has-text-color has-link-color wp-elements-858d1ef35751a4f28f0e2a6701420396\">Tr\u00e6ningstider<\/h2>\n\n\n\n<p class=\"has-medium-font-size\"><span style=\"text-decoration: underline;\">Tirsdag:<\/span><br>Sted \u2013 Lindeg\u00e5rdskolen Hal 04<br><br>Kung Fu kl 18:30-19:30<\/p>\n\n\n\n<p class=\"has-medium-font-size\"><span style=\"text-decoration: underline;\">Onsdag:<\/span><br>Sted \u2013 Lindeg\u00e5rdskolen Hal 04<br><br>Qi Gong KL 19:00-20:00<br>Kung Fu KL 20:00-21:00<\/p>\n\n\n\n<p class=\"has-medium-font-size\"><span style=\"text-decoration: underline;\">Fredag:<\/span><br>Sted \u2013 Lindeg\u00e5rdskolen Hal 04<br><br>Qi Gong kl 17:30-18:30<br>Kung Fu kl 18:30-19:30<\/p>\n<\/div>\n\n\n\n<div class=\"wp-block-column is-vertically-aligned-center is-layout-flow wp-block-column-is-layout-flow\" style=\"flex-basis:50%\">\n<figure class=\"wp-block-image size-full\"><img loading=\"lazy\" decoding=\"async\" width=\"585\" height=\"585\" src=\"https:\/\/namyanglyngby.dk\/wp-content\/uploads\/2026\/03\/Tiger-Crane-Second-Logo-Transparent-Back.png-24-edited.png\" alt=\"\" class=\"wp-image-397\" style=\"aspect-ratio:1;object-fit:cover\" srcset=\"https:\/\/namyanglyngby.dk\/wp-content\/uploads\/2026\/03\/Tiger-Crane-Second-Logo-Transparent-Back.png-24-edited.png 585w, https:\/\/namyanglyngby.dk\/wp-content\/uploads\/2026\/03\/Tiger-Crane-Second-Logo-Transparent-Back.png-24-edited-300x300.png 300w, https:\/\/namyanglyngby.dk\/wp-content\/uploads\/2026\/03\/Tiger-Crane-Second-Logo-Transparent-Back.png-24-edited-150x150.png 150w\" sizes=\"auto, (max-width: 585px) 100vw, 585px\" \/><\/figure>\n<\/div>\n<\/div>\n<\/div>\n\n\n\n<div style=\"height:20px\" aria-hidden=\"true\" class=\"wp-block-spacer\"><\/div>\n\n\n\n<div class=\"wp-block-group alignfull is-style-section-5 has-global-padding is-layout-constrained wp-block-group-is-layout-constrained is-style-section-5--3\" style=\"margin-top:0;margin-bottom:0;padding-top:var(--wp--preset--spacing--50);padding-bottom:var(--wp--preset--spacing--50)\">\n<div class=\"wp-block-columns alignwide is-layout-flex wp-container-core-columns-is-layout-7ee84d44 wp-block-columns-is-layout-flex\">\n<div class=\"wp-block-column is-vertically-aligned-center is-layout-flow wp-block-column-is-layout-flow\" style=\"flex-basis:50%\">\n<h2 class=\"wp-block-heading has-accent-1-color has-text-color has-link-color wp-elements-89f8ec5d5d89ac5b428b562efb09f0a2\">Gratis Pr\u00f8vetime<\/h2>\n\n\n\n<p class=\"has-medium-font-size\">Er du nysgerrig p\u00e5 Kung Fu eller Qi gong?<br>Vi tilbyder altid en <strong>gratis og uforpligtende pr\u00f8vetime<\/strong>, hvor du kan opleve undervisningen, stemningen og f\u00e6llesskabet \u2013 og m\u00e6rke, om Nam Yang Lyngby er noget for dig.<\/p>\n\n\n\n<p class=\"has-medium-font-size\">Du kan frit deltage p\u00e5 et hold og f\u00e5 en introduktion til vores tr\u00e6ning og v\u00e6rdier.<\/p>\n\n\n\n<p><a href=\"https:\/\/namyanglyngby.dk\/index.php\/kontakt\/\" data-type=\"page\" data-id=\"278\">Book en gratis pr\u00f8vetime her<\/a><\/p>\n<\/div>\n\n\n\n<div class=\"wp-block-column is-vertically-aligned-center is-layout-flow wp-block-column-is-layout-flow\" style=\"flex-basis:50%\">\n<figure class=\"wp-block-image size-full\"><img loading=\"lazy\" decoding=\"async\" width=\"2048\" height=\"1536\" src=\"https:\/\/namyanglyngby.dk\/wp-content\/uploads\/2026\/01\/370597337_957377832031127_7411100522051621623_n.jpg\" alt=\"\" class=\"wp-image-207\" style=\"aspect-ratio:1;object-fit:cover\" srcset=\"https:\/\/namyanglyngby.dk\/wp-content\/uploads\/2026\/01\/370597337_957377832031127_7411100522051621623_n.jpg 2048w, https:\/\/namyanglyngby.dk\/wp-content\/uploads\/2026\/01\/370597337_957377832031127_7411100522051621623_n-300x225.jpg 300w, https:\/\/namyanglyngby.dk\/wp-content\/uploads\/2026\/01\/370597337_957377832031127_7411100522051621623_n-1024x768.jpg 1024w, https:\/\/namyanglyngby.dk\/wp-content\/uploads\/2026\/01\/370597337_957377832031127_7411100522051621623_n-768x576.jpg 768w, https:\/\/namyanglyngby.dk\/wp-content\/uploads\/2026\/01\/370597337_957377832031127_7411100522051621623_n-1536x1152.jpg 1536w\" sizes=\"auto, (max-width: 2048px) 100vw, 2048px\" \/><\/figure>\n<\/div>\n<\/div>\n<\/div>\n\n\n\n\n\n<div class=\"wp-block-group alignfull has-global-padding is-layout-constrained wp-container-core-group-is-layout-08655630 wp-block-group-is-layout-constrained\" style=\"margin-top:0;margin-bottom:0;padding-top:var(--wp--preset--spacing--80);padding-bottom:var(--wp--preset--spacing--80)\">\n<div class=\"wp-block-group alignwide is-layout-flow wp-block-group-is-layout-flow\">\n<p class=\"has-text-align-center is-style-text-display is-style-text-display--4\" style=\"font-style:normal;font-weight:400\">Har Du Sp\u00f8rgsm\u00e5l? <br>Send os en Mail vi fors\u00f8ger at svare inden for 1-2 dage<\/p>\n\n\n\n<p class=\"has-text-align-center has-x-large-font-size\">Mail: Namyanglyngby@gmail.com<\/p>\n\n\n\n<ul class=\"wp-block-social-links has-icon-color is-style-logos-only is-content-justification-center is-layout-flex wp-container-core-social-links-is-layout-a89b3969 wp-block-social-links-is-layout-flex\"><li class=\"wp-social-link wp-social-link-facebook has-contrast-color wp-block-social-link\"><a href=\"#\" class=\"wp-block-social-link-anchor\"><svg width=\"24\" height=\"24\" viewBox=\"0 0 24 24\" version=\"1.1\" xmlns=\"http:\/\/www.w3.org\/2000\/svg\" aria-hidden=\"true\" focusable=\"false\"><path d=\"M12 2C6.5 2 2 6.5 2 12c0 5 3.7 9.1 8.4 9.9v-7H7.9V12h2.5V9.8c0-2.5 1.5-3.9 3.8-3.9 1.1 0 2.2.2 2.2.2v2.5h-1.3c-1.2 0-1.6.8-1.6 1.6V12h2.8l-.4 2.9h-2.3v7C18.3 21.1 22 17 22 12c0-5.5-4.5-10-10-10z\"><\/path><\/svg><span class=\"wp-block-social-link-label screen-reader-text\">Facebook<\/span><\/a><\/li>\n\n<li class=\"wp-social-link wp-social-link-instagram has-contrast-color wp-block-social-link\"><a href=\"#\" class=\"wp-block-social-link-anchor\"><svg width=\"24\" height=\"24\" viewBox=\"0 0 24 24\" version=\"1.1\" xmlns=\"http:\/\/www.w3.org\/2000\/svg\" aria-hidden=\"true\" focusable=\"false\"><path d=\"M12,4.622c2.403,0,2.688,0.009,3.637,0.052c0.877,0.04,1.354,0.187,1.671,0.31c0.42,0.163,0.72,0.358,1.035,0.673 c0.315,0.315,0.51,0.615,0.673,1.035c0.123,0.317,0.27,0.794,0.31,1.671c0.043,0.949,0.052,1.234,0.052,3.637 s-0.009,2.688-0.052,3.637c-0.04,0.877-0.187,1.354-0.31,1.671c-0.163,0.42-0.358,0.72-0.673,1.035 c-0.315,0.315-0.615,0.51-1.035,0.673c-0.317,0.123-0.794,0.27-1.671,0.31c-0.949,0.043-1.233,0.052-3.637,0.052 s-2.688-0.009-3.637-0.052c-0.877-0.04-1.354-0.187-1.671-0.31c-0.42-0.163-0.72-0.358-1.035-0.673 c-0.315-0.315-0.51-0.615-0.673-1.035c-0.123-0.317-0.27-0.794-0.31-1.671C4.631,14.688,4.622,14.403,4.622,12 s0.009-2.688,0.052-3.637c0.04-0.877,0.187-1.354,0.31-1.671c0.163-0.42,0.358-0.72,0.673-1.035 c0.315-0.315,0.615-0.51,1.035-0.673c0.317-0.123,0.794-0.27,1.671-0.31C9.312,4.631,9.597,4.622,12,4.622 M12,3 C9.556,3,9.249,3.01,8.289,3.054C7.331,3.098,6.677,3.25,6.105,3.472C5.513,3.702,5.011,4.01,4.511,4.511 c-0.5,0.5-0.808,1.002-1.038,1.594C3.25,6.677,3.098,7.331,3.054,8.289C3.01,9.249,3,9.556,3,12c0,2.444,0.01,2.751,0.054,3.711 c0.044,0.958,0.196,1.612,0.418,2.185c0.23,0.592,0.538,1.094,1.038,1.594c0.5,0.5,1.002,0.808,1.594,1.038 c0.572,0.222,1.227,0.375,2.185,0.418C9.249,20.99,9.556,21,12,21s2.751-0.01,3.711-0.054c0.958-0.044,1.612-0.196,2.185-0.418 c0.592-0.23,1.094-0.538,1.594-1.038c0.5-0.5,0.808-1.002,1.038-1.594c0.222-0.572,0.375-1.227,0.418-2.185 C20.99,14.751,21,14.444,21,12s-0.01-2.751-0.054-3.711c-0.044-0.958-0.196-1.612-0.418-2.185c-0.23-0.592-0.538-1.094-1.038-1.594 c-0.5-0.5-1.002-0.808-1.594-1.038c-0.572-0.222-1.227-0.375-2.185-0.418C14.751,3.01,14.444,3,12,3L12,3z M12,7.378 c-2.552,0-4.622,2.069-4.622,4.622S9.448,16.622,12,16.622s4.622-2.069,4.622-4.622S14.552,7.378,12,7.378z M12,15 c-1.657,0-3-1.343-3-3s1.343-3,3-3s3,1.343,3,3S13.657,15,12,15z M16.804,6.116c-0.596,0-1.08,0.484-1.08,1.08 s0.484,1.08,1.08,1.08c0.596,0,1.08-0.484,1.08-1.08S17.401,6.116,16.804,6.116z\"><\/path><\/svg><span class=\"wp-block-social-link-label screen-reader-text\">Instagram<\/span><\/a><\/li><\/ul>\n<\/div>\n<\/div>\n","protected":false},"excerpt":{"rendered":"<p>Hos Nam Yang Lyngby tilbyder vi undervisning i Kung Fu og Qi gong i trygge, respektfulde og inkluderende rammer. Tr\u00e6ningen bygger p\u00e5 disciplin, kropsbevidsthed og l\u00e6ring \u2013 med plads til b\u00e5de begyndere og \u00f8vede.Vi tror p\u00e5 enkelhed og f\u00e6llesskab. Vi tilbyder b\u00e5de Kung Fu og Qi Gong hold for alle over 15 \u00e5r. Uanset om [&hellip;]<\/p>\n","protected":false},"author":1,"featured_media":0,"parent":0,"menu_order":0,"comment_status":"closed","ping_status":"closed","template":"","meta":{"footnotes":""},"class_list":["post-204","page","type-page","status-publish","hentry"],"_links":{"self":[{"href":"https:\/\/namyanglyngby.dk\/index.php\/wp-json\/wp\/v2\/pages\/204","targetHints":{"allow":["GET"]}}],"collection":[{"href":"https:\/\/namyanglyngby.dk\/index.php\/wp-json\/wp\/v2\/pages"}],"about":[{"href":"https:\/\/namyanglyngby.dk\/index.php\/wp-json\/wp\/v2\/types\/page"}],"author":[{"embeddable":true,"href":"https:\/\/namyanglyngby.dk\/index.php\/wp-json\/wp\/v2\/users\/1"}],"replies":[{"embeddable":true,"href":"https:\/\/namyanglyngby.dk\/index.php\/wp-json\/wp\/v2\/comments?post=204"}],"version-history":[{"count":27,"href":"https:\/\/namyanglyngby.dk\/index.php\/wp-json\/wp\/v2\/pages\/204\/revisions"}],"predecessor-version":[{"id":423,"href":"https:\/\/namyanglyngby.dk\/index.php\/wp-json\/wp\/v2\/pages\/204\/revisions\/423"}],"wp:attachment":[{"href":"https:\/\/namyanglyngby.dk\/index.php\/wp-json\/wp\/v2\/media?parent=204"}],"curies":[{"name":"wp","href":"https:\/\/api.w.org\/{rel}","templated":true}]}}